{"id":59,"date":"2020-01-27T11:23:38","date_gmt":"2020-01-27T11:23:38","guid":{"rendered":"http:\/\/darkage.org\/?page_id=59"},"modified":"2020-04-07T20:15:23","modified_gmt":"2020-04-07T20:15:23","slug":"magyar","status":"publish","type":"page","link":"http:\/\/darkage.org\/index.php\/magyar\/","title":{"rendered":"Magyar"},"content":{"rendered":"\n<p class=\"has-text-align-left\">&#8222;Vajon mit hoz a j\u00f6v\u0151?&#8221; ez a k\u00e9rd\u00e9s egyre gyakrabban vet\u0151dik fel manaps\u00e1g.<br>A k\u00f6vetkez\u0151 oldalakon ezt a k\u00e9rd\u00e9st j\u00e1rjuk k\u00f6rbe:<br>.<\/p>\n\n\n\n<p><\/p>\n\n\n<ul class=\"wp-block-latest-posts__list alignleft wp-block-latest-posts\"><li><a class=\"wp-block-latest-posts__post-title\" href=\"http:\/\/darkage.org\/index.php\/2020\/04\/08\/oktatas\/\">Oktat\u00e1s<\/a><\/li>\n<li><a class=\"wp-block-latest-posts__post-title\" href=\"http:\/\/darkage.org\/index.php\/2020\/04\/07\/hova-tartunk\/\">Hova tartunk?<\/a><\/li>\n<\/ul>\n\n\n<p>Mit tehet\u00fcnk a v\u00edrus v\u00e1ls\u00e1g ut\u00e1n&#8230;<\/p>\n","protected":false},"excerpt":{"rendered":"<p>&#8222;Vajon mit hoz a j\u00f6v\u0151?&#8221; ez a k\u00e9rd\u00e9s egyre gyakrabban vet\u0151dik fel manaps\u00e1g.A k\u00f6vetkez\u0151 oldalakon ezt a k\u00e9rd\u00e9st j\u00e1rjuk k\u00f6rbe:. Mit tehet\u00fcnk a v\u00edrus v\u00e1ls\u00e1g ut\u00e1n&#8230;<\/p>\n","protected":false},"author":2,"featured_media":0,"parent":0,"menu_order":0,"comment_status":"closed","ping_status":"closed","template":"","meta":{"footnotes":""},"class_list":["post-59","page","type-page","status-publish","hentry"],"_links":{"self":[{"href":"http:\/\/darkage.org\/index.php\/wp-json\/wp\/v2\/pages\/59","targetHints":{"allow":["GET"]}}],"collection":[{"href":"http:\/\/darkage.org\/index.php\/wp-json\/wp\/v2\/pages"}],"about":[{"href":"http:\/\/darkage.org\/index.php\/wp-json\/wp\/v2\/types\/page"}],"author":[{"embeddable":true,"href":"http:\/\/darkage.org\/index.php\/wp-json\/wp\/v2\/users\/2"}],"replies":[{"embeddable":true,"href":"http:\/\/darkage.org\/index.php\/wp-json\/wp\/v2\/comments?post=59"}],"version-history":[{"count":6,"href":"http:\/\/darkage.org\/index.php\/wp-json\/wp\/v2\/pages\/59\/revisions"}],"predecessor-version":[{"id":116,"href":"http:\/\/darkage.org\/index.php\/wp-json\/wp\/v2\/pages\/59\/revisions\/116"}],"wp:attachment":[{"href":"http:\/\/darkage.org\/index.php\/wp-json\/wp\/v2\/media?parent=59"}],"curies":[{"name":"wp","href":"https:\/\/api.w.org\/{rel}","templated":true}]}}