{"id":64,"date":"2020-01-27T11:23:39","date_gmt":"2020-01-27T11:23:39","guid":{"rendered":"http:\/\/darkage.org\/?page_id=64"},"modified":"2020-01-30T01:52:09","modified_gmt":"2020-01-30T01:52:09","slug":"introduction","status":"publish","type":"page","link":"http:\/\/darkage.org\/","title":{"rendered":"Introduction \/ Bemutatkoz\u00e1s \/ Einf\u00fchrung"},"content":{"rendered":"\n<p><strong><em>Welcome to our Website! <\/em><\/strong><br>On this site we try to predict the future, by analysing the past and present events, and the problems that will have an effect on our future life.<\/p>\n\n\n\n<p><strong>\u00dcdv\u00f6zl\u00fcnk az Weboldalunkon!<\/strong><br>Ez az oldal a a m\u00falt \u00e9s a jelen esem\u00e9nyeinek a vizsg\u00e1lat\u00e1val pr\u00f3b\u00e1lja megj\u00f3solni a j\u00f6v\u0151t, illetve a probl\u00e9m\u00e1kat amik befoly\u00e1solhatj\u00e1k \u00e9let\u00fcnket a j\u00f6v\u0151ben. <\/p>\n\n\n\n<p><strong>Willkommen auf unserer Webseite!<\/strong><br>Auf dieser Seite versuchen wir, die Zukunft vorherzusagen, indem wir die vergangenen und gegenw\u00e4rtigen Ereignisse und die Probleme analysieren, die sich auf unser zuk\u00fcnftiges Leben auswirken werden. <br><br> <\/p>\n","protected":false},"excerpt":{"rendered":"<p>Welcome to our Website! On this site we try to predict the future, by analysing the past and present events, and the problems that will have an effect on our future life. \u00dcdv\u00f6zl\u00fcnk az Weboldalunkon!Ez az oldal a a m\u00falt \u00e9s a jelen esem\u00e9nyeinek a vizsg\u00e1lat\u00e1val pr\u00f3b\u00e1lja megj\u00f3solni a j\u00f6v\u0151t, illetve a probl\u00e9m\u00e1kat amik befoly\u00e1solhatj\u00e1k [&hellip;]<\/p>\n","protected":false},"author":2,"featured_media":0,"parent":0,"menu_order":0,"comment_status":"closed","ping_status":"closed","template":"","meta":{"footnotes":""},"class_list":["post-64","page","type-page","status-publish","hentry"],"_links":{"self":[{"href":"http:\/\/darkage.org\/index.php\/wp-json\/wp\/v2\/pages\/64","targetHints":{"allow":["GET"]}}],"collection":[{"href":"http:\/\/darkage.org\/index.php\/wp-json\/wp\/v2\/pages"}],"about":[{"href":"http:\/\/darkage.org\/index.php\/wp-json\/wp\/v2\/types\/page"}],"author":[{"embeddable":true,"href":"http:\/\/darkage.org\/index.php\/wp-json\/wp\/v2\/users\/2"}],"replies":[{"embeddable":true,"href":"http:\/\/darkage.org\/index.php\/wp-json\/wp\/v2\/comments?post=64"}],"version-history":[{"count":2,"href":"http:\/\/darkage.org\/index.php\/wp-json\/wp\/v2\/pages\/64\/revisions"}],"predecessor-version":[{"id":91,"href":"http:\/\/darkage.org\/index.php\/wp-json\/wp\/v2\/pages\/64\/revisions\/91"}],"wp:attachment":[{"href":"http:\/\/darkage.org\/index.php\/wp-json\/wp\/v2\/media?parent=64"}],"curies":[{"name":"wp","href":"https:\/\/api.w.org\/{rel}","templated":true}]}}